{"id":26,"date":"2025-03-16T12:42:27","date_gmt":"2025-03-16T12:42:27","guid":{"rendered":"https:\/\/isy-coaching.ch\/?page_id=26"},"modified":"2025-03-17T08:13:29","modified_gmt":"2025-03-17T08:13:29","slug":"coaching-nachhilfe-basel","status":"publish","type":"page","link":"https:\/\/isy-coaching.ch\/?page_id=26","title":{"rendered":"Leistungen"},"content":{"rendered":"\n<p><strong>Coachings:<\/strong><\/p>\n\n\n\n<details class=\"wp-block-details is-layout-flow wp-block-details-is-layout-flow\"><summary><strong>Effektives und nachhaltiges Coaching (Nachhilfe) \/ Lernbegleitung<\/strong><\/summary>\n<p>Ich begleite ihren Sch\u00fctzling in s\u00e4mtlichen schulischen F\u00e4chern bis zu Matura Niveau. Dabei ist es mir wichtig, dass die Lernenden die Aufgaben selbst l\u00f6sen k\u00f6nnen. Ich begleite sie dabei auf dem Weg, gebe ihnen Tipps und Tricks und erkl\u00e4re wo n\u00f6tig auf einen entsprechend f\u00fcr den Einzelnen verst\u00e4ndliche Art und Weise.&nbsp;&nbsp;&nbsp;&nbsp;&nbsp;&nbsp;&nbsp;&nbsp;<\/p>\n\n\n\n<p>Meine Spezialgebiete sind:<\/p>\n\n\n\n<ul class=\"wp-block-list\">\n<li>Sprachen: Deutsch, Englisch und Franz\u00f6sisch<\/li>\n\n\n\n<li>Naturwissenschaften: Mathe, Physik, Chemie, Natur &amp; Technik<\/li>\n\n\n\n<li>KV Lernende: Buchhaltung, Wirtschaft, IKA<\/li>\n\n\n\n<li><strong>F\u00fcr Firmen:<\/strong> Betreuung der schulischen Gebiete, Unterst\u00fctzung LAP Vorbereitung<\/li>\n<\/ul>\n<\/details>\n\n\n\n<details class=\"wp-block-details is-layout-flow wp-block-details-is-layout-flow\"><summary><strong>Dienstleistungen f\u00fcr KMU<\/strong><\/summary>\n<p><strong>Administration\/ Backoffice \/Verwaltung<\/strong><\/p>\n\n\n\n<ul class=\"wp-block-list\">\n<li>Korrespondenz jeglicher Art und nach Ihren Vorgaben in den Sprachen Deutsch, Englisch und Franz\u00f6sisch.<\/li>\n\n\n\n<li>F\u00fchren des Ablagesystems (digital\/physisch \u2013 sofern noch nicht digital vorhanden, Unterst\u00fctzung beim Umstellen)<\/li>\n\n\n\n<li>Texte erfassen und bearbeiten<\/li>\n\n\n\n<li>Adressen und Kundendaten bewirtschaften<\/li>\n\n\n\n<li>Rechnungsstellung inklusive Mahnwesen<\/li>\n<\/ul>\n\n\n\n<p><strong>Buchhaltung<\/strong><\/p>\n\n\n\n<ul class=\"wp-block-list\">\n<li>Kreditoren- und Debitorenbuchhaltung<\/li>\n\n\n\n<li>Finanzbuchhaltung inklusive Belege sortieren, kontieren und buchen<\/li>\n\n\n\n<li>Erstellen der MWST-Abrechnung<\/li>\n\n\n\n<li>Vorbereitungsarbeiten f\u00fcrs Treuhandb\u00fcro und Jahresabschluss<\/li>\n<\/ul>\n\n\n\n<p><strong>Personalwesen\/Personaladministration<\/strong><\/p>\n\n\n\n<ul class=\"wp-block-list\">\n<li>Lohnabrechnungen inklusive Stundenkontrolle<\/li>\n\n\n\n<li>Lohnbuchhaltung<\/li>\n\n\n\n<li>Erstellung von Arbeitszeugnissen<\/li>\n\n\n\n<li>Mithilfe bei der Rekrutierung<\/li>\n\n\n\n<li>Jegliche Arbeiten im Zusammenhang mit den Sozialversicherungen (Unfall, Krankheit, AHV, Pensionskasse, usw.)<\/li>\n<\/ul>\n\n\n\n<p><strong>Controlling und Consulting<\/strong><\/p>\n\n\n\n<p>Haben Sie das Gef\u00fchl, gewisse Abl\u00e4ufe sind in Ihrem Unternehmen zu verbessern, aber Sie wissen nicht wie, oder ben\u00f6tigen dabei eine Begleitung?<\/p>\n\n\n\n<ul class=\"wp-block-list\">\n<li>Lean-Management<\/li>\n\n\n\n<li>Change-Management<\/li>\n\n\n\n<li>Six-Sigma<\/li>\n\n\n\n<li>Projektmanagement<\/li>\n\n\n\n<li>Motivations- und Teambildungsworkshops<\/li>\n<\/ul>\n\n\n\n<p><strong>Digitalisierung<\/strong><\/p>\n\n\n\n<p>Ich unterst\u00fctze und begleite Sie auf Ihrem Weg ins 21gste Jahrhundert, das Jahrhundert der Digitalisierung. Dabei arbeite dabei entweder mit Ihrem bisherigen IT-Anbieter zusammen oder erstelle Ihnen den Kontakt zu meinem vertrauens-IT-Partner.<\/p>\n\n\n\n<ul class=\"wp-block-list\">\n<li>Konzepterstellung\/ Planung<\/li>\n\n\n\n<li>Einf\u00fchrung und Umstellung zu Office 365<\/li>\n\n\n\n<li>VoIP<\/li>\n\n\n\n<li>Digitales Ablagesystem<\/li>\n\n\n\n<li>Migrieren Ihrer Daten<\/li>\n<\/ul>\n<\/details>\n\n\n\n<p><strong>Sonstiges ?<\/strong><\/p>\n\n\n\n<p>Sollte etwas oben nicht aufgelistet sein, kann eine Dienstleistung selbstverst\u00e4ndlich auf Ihre Bed\u00fcrfnisse angepasst werden und wir vereinbaren weitere Aufgaben und Aufgabenbereiche. <a href=\"https:\/\/isy-coaching.ch\/?page_id=2\">Kontaktieren<\/a> Sie mich hierzu ungeniert.<\/p>\n\n\n\n<p><\/p>\n","protected":false},"excerpt":{"rendered":"<p>Coachings: Sonstiges ? Sollte etwas oben nicht aufgelistet sein, kann eine Dienstleistung selbstverst\u00e4ndlich auf Ihre Bed\u00fcrfnisse angepasst werden und wir vereinbaren weitere Aufgaben und Aufgabenbereiche. Kontaktieren Sie mich hierzu ungeniert.<\/p>\n","protected":false},"author":1,"featured_media":0,"parent":0,"menu_order":0,"comment_status":"closed","ping_status":"closed","template":"","meta":{"footnotes":""},"class_list":["post-26","page","type-page","status-publish","hentry"],"yoast_head":"<!-- This site is optimized with the Yoast SEO plugin v25.7 - https:\/\/yoast.com\/wordpress\/plugins\/seo\/ -->\n<title>Leistungen - Isy-Coaching<\/title>\n<meta name=\"robots\" content=\"index, follow, max-snippet:-1, max-image-preview:large, max-video-preview:-1\" \/>\n<link rel=\"canonical\" href=\"https:\/\/isy-coaching.ch\/?page_id=26\" \/>\n<meta property=\"og:locale\" content=\"de_DE\" \/>\n<meta property=\"og:type\" content=\"article\" \/>\n<meta property=\"og:title\" content=\"Leistungen - Isy-Coaching\" \/>\n<meta property=\"og:description\" content=\"Coachings: Sonstiges ? Sollte etwas oben nicht aufgelistet sein, kann eine Dienstleistung selbstverst\u00e4ndlich auf Ihre Bed\u00fcrfnisse angepasst werden und wir vereinbaren weitere Aufgaben und Aufgabenbereiche. Kontaktieren Sie mich hierzu ungeniert.\" \/>\n<meta property=\"og:url\" content=\"https:\/\/isy-coaching.ch\/?page_id=26\" \/>\n<meta property=\"og:site_name\" content=\"Isy-Coaching\" \/>\n<meta property=\"article:modified_time\" content=\"2025-03-17T08:13:29+00:00\" \/>\n<meta name=\"twitter:card\" content=\"summary_large_image\" \/>\n<meta name=\"twitter:label1\" content=\"Gesch\u00e4tzte Lesezeit\" \/>\n\t<meta name=\"twitter:data1\" content=\"2\u00a0Minuten\" \/>\n<script type=\"application\/ld+json\" class=\"yoast-schema-graph\">{\"@context\":\"https:\/\/schema.org\",\"@graph\":[{\"@type\":\"WebPage\",\"@id\":\"https:\/\/isy-coaching.ch\/?page_id=26\",\"url\":\"https:\/\/isy-coaching.ch\/?page_id=26\",\"name\":\"Leistungen - Isy-Coaching\",\"isPartOf\":{\"@id\":\"https:\/\/isy-coaching.ch\/#website\"},\"datePublished\":\"2025-03-16T12:42:27+00:00\",\"dateModified\":\"2025-03-17T08:13:29+00:00\",\"breadcrumb\":{\"@id\":\"https:\/\/isy-coaching.ch\/?page_id=26#breadcrumb\"},\"inLanguage\":\"de-CH\",\"potentialAction\":[{\"@type\":\"ReadAction\",\"target\":[\"https:\/\/isy-coaching.ch\/?page_id=26\"]}]},{\"@type\":\"BreadcrumbList\",\"@id\":\"https:\/\/isy-coaching.ch\/?page_id=26#breadcrumb\",\"itemListElement\":[{\"@type\":\"ListItem\",\"position\":1,\"name\":\"Home\",\"item\":\"https:\/\/isy-coaching.ch\/\"},{\"@type\":\"ListItem\",\"position\":2,\"name\":\"Leistungen\"}]},{\"@type\":\"WebSite\",\"@id\":\"https:\/\/isy-coaching.ch\/#website\",\"url\":\"https:\/\/isy-coaching.ch\/\",\"name\":\"Isy-Coaching\",\"description\":\"Pers\u00f6nlich - professionell, effizient - nachhaltig\",\"publisher\":{\"@id\":\"https:\/\/isy-coaching.ch\/#organization\"},\"potentialAction\":[{\"@type\":\"SearchAction\",\"target\":{\"@type\":\"EntryPoint\",\"urlTemplate\":\"https:\/\/isy-coaching.ch\/?s={search_term_string}\"},\"query-input\":{\"@type\":\"PropertyValueSpecification\",\"valueRequired\":true,\"valueName\":\"search_term_string\"}}],\"inLanguage\":\"de-CH\"},{\"@type\":\"Organization\",\"@id\":\"https:\/\/isy-coaching.ch\/#organization\",\"name\":\"My Blog\",\"url\":\"https:\/\/isy-coaching.ch\/\",\"logo\":{\"@type\":\"ImageObject\",\"inLanguage\":\"de-CH\",\"@id\":\"https:\/\/isy-coaching.ch\/#\/schema\/logo\/image\/\",\"url\":\"https:\/\/isy-coaching.ch\/wp-content\/uploads\/2025\/03\/isycoaching-1.png\",\"contentUrl\":\"https:\/\/isy-coaching.ch\/wp-content\/uploads\/2025\/03\/isycoaching-1.png\",\"width\":323,\"height\":466,\"caption\":\"My Blog\"},\"image\":{\"@id\":\"https:\/\/isy-coaching.ch\/#\/schema\/logo\/image\/\"}}]}<\/script>\n<!-- \/ Yoast SEO plugin. -->","yoast_head_json":{"title":"Leistungen - Isy-Coaching","robots":{"index":"index","follow":"follow","max-snippet":"max-snippet:-1","max-image-preview":"max-image-preview:large","max-video-preview":"max-video-preview:-1"},"canonical":"https:\/\/isy-coaching.ch\/?page_id=26","og_locale":"de_DE","og_type":"article","og_title":"Leistungen - Isy-Coaching","og_description":"Coachings: Sonstiges ? Sollte etwas oben nicht aufgelistet sein, kann eine Dienstleistung selbstverst\u00e4ndlich auf Ihre Bed\u00fcrfnisse angepasst werden und wir vereinbaren weitere Aufgaben und Aufgabenbereiche. Kontaktieren Sie mich hierzu ungeniert.","og_url":"https:\/\/isy-coaching.ch\/?page_id=26","og_site_name":"Isy-Coaching","article_modified_time":"2025-03-17T08:13:29+00:00","twitter_card":"summary_large_image","twitter_misc":{"Gesch\u00e4tzte Lesezeit":"2\u00a0Minuten"},"schema":{"@context":"https:\/\/schema.org","@graph":[{"@type":"WebPage","@id":"https:\/\/isy-coaching.ch\/?page_id=26","url":"https:\/\/isy-coaching.ch\/?page_id=26","name":"Leistungen - Isy-Coaching","isPartOf":{"@id":"https:\/\/isy-coaching.ch\/#website"},"datePublished":"2025-03-16T12:42:27+00:00","dateModified":"2025-03-17T08:13:29+00:00","breadcrumb":{"@id":"https:\/\/isy-coaching.ch\/?page_id=26#breadcrumb"},"inLanguage":"de-CH","potentialAction":[{"@type":"ReadAction","target":["https:\/\/isy-coaching.ch\/?page_id=26"]}]},{"@type":"BreadcrumbList","@id":"https:\/\/isy-coaching.ch\/?page_id=26#breadcrumb","itemListElement":[{"@type":"ListItem","position":1,"name":"Home","item":"https:\/\/isy-coaching.ch\/"},{"@type":"ListItem","position":2,"name":"Leistungen"}]},{"@type":"WebSite","@id":"https:\/\/isy-coaching.ch\/#website","url":"https:\/\/isy-coaching.ch\/","name":"Isy-Coaching","description":"Pers\u00f6nlich - professionell, effizient - nachhaltig","publisher":{"@id":"https:\/\/isy-coaching.ch\/#organization"},"potentialAction":[{"@type":"SearchAction","target":{"@type":"EntryPoint","urlTemplate":"https:\/\/isy-coaching.ch\/?s={search_term_string}"},"query-input":{"@type":"PropertyValueSpecification","valueRequired":true,"valueName":"search_term_string"}}],"inLanguage":"de-CH"},{"@type":"Organization","@id":"https:\/\/isy-coaching.ch\/#organization","name":"My Blog","url":"https:\/\/isy-coaching.ch\/","logo":{"@type":"ImageObject","inLanguage":"de-CH","@id":"https:\/\/isy-coaching.ch\/#\/schema\/logo\/image\/","url":"https:\/\/isy-coaching.ch\/wp-content\/uploads\/2025\/03\/isycoaching-1.png","contentUrl":"https:\/\/isy-coaching.ch\/wp-content\/uploads\/2025\/03\/isycoaching-1.png","width":323,"height":466,"caption":"My Blog"},"image":{"@id":"https:\/\/isy-coaching.ch\/#\/schema\/logo\/image\/"}}]}},"_links":{"self":[{"href":"https:\/\/isy-coaching.ch\/index.php?rest_route=\/wp\/v2\/pages\/26","targetHints":{"allow":["GET"]}}],"collection":[{"href":"https:\/\/isy-coaching.ch\/index.php?rest_route=\/wp\/v2\/pages"}],"about":[{"href":"https:\/\/isy-coaching.ch\/index.php?rest_route=\/wp\/v2\/types\/page"}],"author":[{"embeddable":true,"href":"https:\/\/isy-coaching.ch\/index.php?rest_route=\/wp\/v2\/users\/1"}],"replies":[{"embeddable":true,"href":"https:\/\/isy-coaching.ch\/index.php?rest_route=%2Fwp%2Fv2%2Fcomments&post=26"}],"version-history":[{"count":8,"href":"https:\/\/isy-coaching.ch\/index.php?rest_route=\/wp\/v2\/pages\/26\/revisions"}],"predecessor-version":[{"id":98,"href":"https:\/\/isy-coaching.ch\/index.php?rest_route=\/wp\/v2\/pages\/26\/revisions\/98"}],"wp:attachment":[{"href":"https:\/\/isy-coaching.ch\/index.php?rest_route=%2Fwp%2Fv2%2Fmedia&parent=26"}],"curies":[{"name":"wp","href":"https:\/\/api.w.org\/{rel}","templated":true}]}}